{"id":21,"date":"2023-12-26T13:34:46","date_gmt":"2023-12-26T16:34:46","guid":{"rendered":"https:\/\/aquecedoreskbs.com.br\/?page_id=21"},"modified":"2025-11-07T11:23:04","modified_gmt":"2025-11-07T14:23:04","slug":"home","status":"publish","type":"page","link":"https:\/\/aquecedoreskbs.com.br\/","title":{"rendered":"Home"},"content":{"rendered":"<div id='full_slider_1'  class='avia-fullwidth-slider main_color avia-shadow   avia-builder-el-0  el_before_av_one_full  avia-builder-el-first   container_wrap sidebar_right'  ><div  class='avia-slideshow av-lqmkjly5-9106ab48ded6275b5788c97c119bd053 avia-slideshow-no scaling av_slideshow_full avia-slide-slider av-slideshow-ui av-control-default av-slideshow-autoplay av-loop-endless av-loop-manual-endless av-default-height-applied   avia-slideshow-1' data-slideshow-options=\"{&quot;animation&quot;:&quot;slide&quot;,&quot;autoplay&quot;:true,&quot;loop_autoplay&quot;:&quot;endless&quot;,&quot;interval&quot;:5,&quot;loop_manual&quot;:&quot;manual-endless&quot;,&quot;autoplay_stopper&quot;:false,&quot;noNavigation&quot;:false,&quot;bg_slider&quot;:false,&quot;transitionSpeed&quot;:400,&quot;keep_padding&quot;:false,&quot;hoverpause&quot;:false,&quot;show_slide_delay&quot;:0}\"  itemprop=\"image\" itemscope=\"itemscope\" itemtype=\"https:\/\/schema.org\/ImageObject\" ><ul class='avia-slideshow-inner ' style='padding-bottom: 38.90625%;'><li  class='avia-slideshow-slide av-lqmkjly5-9106ab48ded6275b5788c97c119bd053__0  slide-1 slide-odd'><div data-rel='slideshow-1' class='avia-slide-wrap '   ><img decoding=\"async\" fetchpriority=\"high\" class=\"wp-image-23 avia-img-lazy-loading-not-23\"  src=\"https:\/\/aquecedoreskbs.com.br\/wp-content\/uploads\/2023\/12\/01Trocador-de-calor-para-terminar-3.jpg\" width=\"1920\" height=\"747\" title='01Trocador de calor para terminar 3' alt=''  itemprop=\"thumbnailUrl\" srcset=\"https:\/\/aquecedoreskbs.com.br\/wp-content\/uploads\/2023\/12\/01Trocador-de-calor-para-terminar-3.jpg 1920w, https:\/\/aquecedoreskbs.com.br\/wp-content\/uploads\/2023\/12\/01Trocador-de-calor-para-terminar-3-300x117.jpg 300w, https:\/\/aquecedoreskbs.com.br\/wp-content\/uploads\/2023\/12\/01Trocador-de-calor-para-terminar-3-1030x401.jpg 1030w, https:\/\/aquecedoreskbs.com.br\/wp-content\/uploads\/2023\/12\/01Trocador-de-calor-para-terminar-3-768x299.jpg 768w, https:\/\/aquecedoreskbs.com.br\/wp-content\/uploads\/2023\/12\/01Trocador-de-calor-para-terminar-3-1536x598.jpg 1536w, https:\/\/aquecedoreskbs.com.br\/wp-content\/uploads\/2023\/12\/01Trocador-de-calor-para-terminar-3-1500x584.jpg 1500w, https:\/\/aquecedoreskbs.com.br\/wp-content\/uploads\/2023\/12\/01Trocador-de-calor-para-terminar-3-705x274.jpg 705w\" sizes=\"(max-width: 1920px) 100vw, 1920px\" \/><\/div><\/li><li  class='avia-slideshow-slide av-lqmkjly5-9106ab48ded6275b5788c97c119bd053__1  slide-2 slide-even'><div data-rel='slideshow-1' class='avia-slide-wrap '   ><img decoding=\"async\" fetchpriority=\"high\" class=\"wp-image-27 avia-img-lazy-loading-not-27\"  src=\"https:\/\/aquecedoreskbs.com.br\/wp-content\/uploads\/2023\/12\/Aquecedor-banho-.jpg\" width=\"1920\" height=\"747\" title='Aquecedor banho' alt=''  itemprop=\"thumbnailUrl\" srcset=\"https:\/\/aquecedoreskbs.com.br\/wp-content\/uploads\/2023\/12\/Aquecedor-banho-.jpg 1920w, https:\/\/aquecedoreskbs.com.br\/wp-content\/uploads\/2023\/12\/Aquecedor-banho--300x117.jpg 300w, https:\/\/aquecedoreskbs.com.br\/wp-content\/uploads\/2023\/12\/Aquecedor-banho--1030x401.jpg 1030w, https:\/\/aquecedoreskbs.com.br\/wp-content\/uploads\/2023\/12\/Aquecedor-banho--768x299.jpg 768w, https:\/\/aquecedoreskbs.com.br\/wp-content\/uploads\/2023\/12\/Aquecedor-banho--1536x598.jpg 1536w, https:\/\/aquecedoreskbs.com.br\/wp-content\/uploads\/2023\/12\/Aquecedor-banho--1500x584.jpg 1500w, https:\/\/aquecedoreskbs.com.br\/wp-content\/uploads\/2023\/12\/Aquecedor-banho--705x274.jpg 705w\" sizes=\"(max-width: 1920px) 100vw, 1920px\" \/><\/div><\/li><li  class='avia-slideshow-slide av-lqmkjly5-9106ab48ded6275b5788c97c119bd053__2  slide-3 slide-odd'><div data-rel='slideshow-1' class='avia-slide-wrap '   ><img decoding=\"async\" fetchpriority=\"high\" class=\"wp-image-25 avia-img-lazy-loading-not-25\"  src=\"https:\/\/aquecedoreskbs.com.br\/wp-content\/uploads\/2023\/12\/03-gerador-de-vapor-02.jpg\" width=\"1920\" height=\"747\" title='03 gerador de vapor 02' alt=''  itemprop=\"thumbnailUrl\" srcset=\"https:\/\/aquecedoreskbs.com.br\/wp-content\/uploads\/2023\/12\/03-gerador-de-vapor-02.jpg 1920w, https:\/\/aquecedoreskbs.com.br\/wp-content\/uploads\/2023\/12\/03-gerador-de-vapor-02-300x117.jpg 300w, https:\/\/aquecedoreskbs.com.br\/wp-content\/uploads\/2023\/12\/03-gerador-de-vapor-02-1030x401.jpg 1030w, https:\/\/aquecedoreskbs.com.br\/wp-content\/uploads\/2023\/12\/03-gerador-de-vapor-02-768x299.jpg 768w, https:\/\/aquecedoreskbs.com.br\/wp-content\/uploads\/2023\/12\/03-gerador-de-vapor-02-1536x598.jpg 1536w, https:\/\/aquecedoreskbs.com.br\/wp-content\/uploads\/2023\/12\/03-gerador-de-vapor-02-1500x584.jpg 1500w, https:\/\/aquecedoreskbs.com.br\/wp-content\/uploads\/2023\/12\/03-gerador-de-vapor-02-705x274.jpg 705w\" sizes=\"(max-width: 1920px) 100vw, 1920px\" \/><\/div><\/li><li  class='avia-slideshow-slide av-lqmkjly5-9106ab48ded6275b5788c97c119bd053__3  slide-4 slide-even'><div data-rel='slideshow-1' class='avia-slide-wrap '   ><img decoding=\"async\" fetchpriority=\"high\" class=\"wp-image-51 avia-img-lazy-loading-not-51\"  src=\"https:\/\/aquecedoreskbs.com.br\/wp-content\/uploads\/2023\/12\/02-KOMECO.fw_.png\" width=\"1920\" height=\"747\" title='02 KOMECO.fw' alt=''  itemprop=\"thumbnailUrl\" srcset=\"https:\/\/aquecedoreskbs.com.br\/wp-content\/uploads\/2023\/12\/02-KOMECO.fw_.png 1920w, https:\/\/aquecedoreskbs.com.br\/wp-content\/uploads\/2023\/12\/02-KOMECO.fw_-300x117.png 300w, https:\/\/aquecedoreskbs.com.br\/wp-content\/uploads\/2023\/12\/02-KOMECO.fw_-1030x401.png 1030w, https:\/\/aquecedoreskbs.com.br\/wp-content\/uploads\/2023\/12\/02-KOMECO.fw_-768x299.png 768w, https:\/\/aquecedoreskbs.com.br\/wp-content\/uploads\/2023\/12\/02-KOMECO.fw_-1536x598.png 1536w, https:\/\/aquecedoreskbs.com.br\/wp-content\/uploads\/2023\/12\/02-KOMECO.fw_-1500x584.png 1500w, https:\/\/aquecedoreskbs.com.br\/wp-content\/uploads\/2023\/12\/02-KOMECO.fw_-705x274.png 705w\" sizes=\"(max-width: 1920px) 100vw, 1920px\" \/><\/div><\/li><li  class='avia-slideshow-slide av-lqmkjly5-9106ab48ded6275b5788c97c119bd053__4  slide-5 slide-odd'><div data-rel='slideshow-1' class='avia-slide-wrap '   ><img decoding=\"async\" fetchpriority=\"high\" class=\"wp-image-52 avia-img-lazy-loading-not-52\"  src=\"https:\/\/aquecedoreskbs.com.br\/wp-content\/uploads\/2023\/12\/04-INDUSTEK-fw.fw_.png\" width=\"1920\" height=\"747\" title='04 INDUSTEK fw.fw' alt=''  itemprop=\"thumbnailUrl\" srcset=\"https:\/\/aquecedoreskbs.com.br\/wp-content\/uploads\/2023\/12\/04-INDUSTEK-fw.fw_.png 1920w, https:\/\/aquecedoreskbs.com.br\/wp-content\/uploads\/2023\/12\/04-INDUSTEK-fw.fw_-300x117.png 300w, https:\/\/aquecedoreskbs.com.br\/wp-content\/uploads\/2023\/12\/04-INDUSTEK-fw.fw_-1030x401.png 1030w, https:\/\/aquecedoreskbs.com.br\/wp-content\/uploads\/2023\/12\/04-INDUSTEK-fw.fw_-768x299.png 768w, https:\/\/aquecedoreskbs.com.br\/wp-content\/uploads\/2023\/12\/04-INDUSTEK-fw.fw_-1536x598.png 1536w, https:\/\/aquecedoreskbs.com.br\/wp-content\/uploads\/2023\/12\/04-INDUSTEK-fw.fw_-1500x584.png 1500w, https:\/\/aquecedoreskbs.com.br\/wp-content\/uploads\/2023\/12\/04-INDUSTEK-fw.fw_-705x274.png 705w\" sizes=\"(max-width: 1920px) 100vw, 1920px\" \/><\/div><\/li><li  class='avia-slideshow-slide av-lqmkjly5-9106ab48ded6275b5788c97c119bd053__5  slide-6 slide-even'><div data-rel='slideshow-1' class='avia-slide-wrap '   ><img decoding=\"async\" fetchpriority=\"high\" class=\"wp-image-71 avia-img-lazy-loading-not-71\"  src=\"https:\/\/aquecedoreskbs.com.br\/wp-content\/uploads\/2023\/12\/Sodramar.fw_.png\" width=\"1920\" height=\"747\" title='Sodramar.fw' alt=''  itemprop=\"thumbnailUrl\" srcset=\"https:\/\/aquecedoreskbs.com.br\/wp-content\/uploads\/2023\/12\/Sodramar.fw_.png 1920w, https:\/\/aquecedoreskbs.com.br\/wp-content\/uploads\/2023\/12\/Sodramar.fw_-300x117.png 300w, https:\/\/aquecedoreskbs.com.br\/wp-content\/uploads\/2023\/12\/Sodramar.fw_-1030x401.png 1030w, https:\/\/aquecedoreskbs.com.br\/wp-content\/uploads\/2023\/12\/Sodramar.fw_-768x299.png 768w, https:\/\/aquecedoreskbs.com.br\/wp-content\/uploads\/2023\/12\/Sodramar.fw_-1536x598.png 1536w, https:\/\/aquecedoreskbs.com.br\/wp-content\/uploads\/2023\/12\/Sodramar.fw_-1500x584.png 1500w, https:\/\/aquecedoreskbs.com.br\/wp-content\/uploads\/2023\/12\/Sodramar.fw_-705x274.png 705w\" sizes=\"(max-width: 1920px) 100vw, 1920px\" \/><\/div><\/li><\/ul><div class='avia-slideshow-arrows avia-slideshow-controls' ><a href='#prev' class='prev-slide ' aria-hidden='true' data-av_icon='\ue87c' data-av_iconfont='entypo-fontello'  tabindex='-1'>Previous<\/a><a href='#next' class='next-slide ' aria-hidden='true' data-av_icon='\ue87d' data-av_iconfont='entypo-fontello'  tabindex='-1'>Next<\/a><\/div><div class='avia-slideshow-dots avia-slideshow-controls'><a href='#1' class='goto-slide active' >1<\/a><a href='#2' class='goto-slide ' >2<\/a><a href='#3' class='goto-slide ' >3<\/a><a href='#4' class='goto-slide ' >4<\/a><a href='#5' class='goto-slide ' >5<\/a><a href='#6' class='goto-slide ' >6<\/a><\/div><\/div><\/div><div id='after_full_slider_1'  class='main_color av_default_container_wrap container_wrap sidebar_right'  ><div class='container av-section-cont-open' ><div class='template-page content  av-content-small alpha units'><div class='post-entry post-entry-type-page post-entry-21'><div class='entry-content-wrapper clearfix'>\n<div  class='flex_column av-av_one_full-048119fdb636ea3d70edc0b975509c6c av_one_full  avia-builder-el-1  el_after_av_slideshow_full  el_before_av_one_full  avia-builder-el-first  first flex_column_div  '     ><\/div>\n\n<style type=\"text\/css\" data-created_by=\"avia_inline_auto\" id=\"style-css-av-6rvst-1dcb0041a343671c6620d7c98cb5a21a\">\n.flex_column.av-6rvst-1dcb0041a343671c6620d7c98cb5a21a{\nbackground-color:#ffffff;\n}\n<\/style>\n<div  class='flex_column av-6rvst-1dcb0041a343671c6620d7c98cb5a21a av_one_full  avia-builder-el-2  el_after_av_one_full  el_before_av_one_third  first flex_column_div  column-top-margin'     ><p>\n<style type=\"text\/css\" data-created_by=\"avia_inline_auto\" id=\"style-css-av-mqx5-ba9c54925b1f8bd702a38c6d0e8899b9\">\n#top .av-special-heading.av-mqx5-ba9c54925b1f8bd702a38c6d0e8899b9{\npadding-bottom:10px;\n}\nbody .av-special-heading.av-mqx5-ba9c54925b1f8bd702a38c6d0e8899b9 .av-special-heading-tag .heading-char{\nfont-size:25px;\n}\n.av-special-heading.av-mqx5-ba9c54925b1f8bd702a38c6d0e8899b9 .av-subheading{\nfont-size:15px;\n}\n<\/style>\n<div  class='av-special-heading av-mqx5-ba9c54925b1f8bd702a38c6d0e8899b9 av-special-heading-h3 custom-color-heading blockquote elegant-quote elegant-centered  avia-builder-el-3  el_before_av_textblock  avia-builder-el-first '><h3 class='av-special-heading-tag'  itemprop=\"headline\"  ><span class=\"heading-wrap\">KBS SOLU\u00c7\u00d4ES EM AQUECIMENTO<\/span><\/h3><div class=\"special-heading-border\"><div class=\"special-heading-inner-border\"><\/div><\/div><\/div><br \/>\n<section  class='av_textblock_section av-mckjow0p-cc92e89b1ba831e7b38de99e112326c6 '   itemscope=\"itemscope\" itemtype=\"https:\/\/schema.org\/CreativeWork\" ><div class='avia_textblock'  itemprop=\"text\" ><p><strong>PRECISA DE INSTALA\u00c7\u00c3O, MANUTEN\u00c7\u00c3O OU MESMO CONSERTO DO AQUECEDOR DE PISCINA?<\/strong><\/p>\n<p>Neste ponto poder\u00e1 ficar tranquilo(a), a\u00a0KBS\u00a0\u00e9 especialista no assunto, tanto instala\u00e7\u00e3o quanto assist\u00eancia t\u00e9cnica de: aquecedores de piscina e trocadores de calor<\/p>\n<p>Os funcion\u00e1rios da\u00a0KBS\u00a0s\u00e3o capacitados para oferecer sempre os melhores servi\u00e7os e garantir uma instala\u00e7\u00e3o r\u00e1pida e organizada, seguindo as normas estipuladas pelo fabricante<\/p>\n<p><strong>SERVI\u00c7OS<\/strong><\/p>\n<ul>\n<li>Instala\u00e7\u00e3o de aquecedores de piscina e trocadore de calor dentro das normas<\/li>\n<li>Manuten\u00e7\u00e3o e conserto de aquecedores de piscina e troacdor de calor<\/li>\n<li>Troca de pe\u00e7as<\/li>\n<li>Instala\u00e7\u00e3o \u00a0e manuten\u00e7\u00e3o de sistemas\u00a0 completo<\/li>\n<li>Atendendo todas as Marcas e Modelos com T\u00e9cnicos especializados Gostou? Que tal aproveitar e solicitar\u00a0um<strong> OR\u00c7AMENTO, com as vantagens que s\u00f3 a\u00a0KBS\u00a0tem!<\/strong><\/li>\n<\/ul>\n<\/div><\/section><\/p><\/div>\n<div  class='flex_column av-5wqqh-f55b9f7281d4bc5dadd13a0f0d1ffbf9 av_one_third  avia-builder-el-5  el_after_av_one_full  el_before_av_one_third  first flex_column_div  column-top-margin'     ><p>\n<style type=\"text\/css\" data-created_by=\"avia_inline_auto\" id=\"style-css-av-3dnn9-0445796990ec3b736e5e681859d03fa1\">\n#top .av-special-heading.av-3dnn9-0445796990ec3b736e5e681859d03fa1{\npadding-bottom:10px;\n}\nbody .av-special-heading.av-3dnn9-0445796990ec3b736e5e681859d03fa1 .av-special-heading-tag .heading-char{\nfont-size:25px;\n}\n.av-special-heading.av-3dnn9-0445796990ec3b736e5e681859d03fa1 .av-subheading{\nfont-size:15px;\n}\n<\/style>\n<div  class='av-special-heading av-3dnn9-0445796990ec3b736e5e681859d03fa1 av-special-heading-h3 blockquote elegant-quote elegant-centered  avia-builder-el-6  el_before_av_image  avia-builder-el-first '><h3 class='av-special-heading-tag'  itemprop=\"headline\"  ><span class=\"heading-wrap\">Trocadores de calor <\/span><\/h3><div class=\"special-heading-border\"><div class=\"special-heading-inner-border\"><\/div><\/div><\/div><br \/>\n\n<style type=\"text\/css\" data-created_by=\"avia_inline_auto\" id=\"style-css-av-2r7rx-87a07cd6b2a0cbde94b9dface218ccc6\">\n.avia-image-container.av-2r7rx-87a07cd6b2a0cbde94b9dface218ccc6 img.avia_image{\nbox-shadow:none;\n}\n.avia-image-container.av-2r7rx-87a07cd6b2a0cbde94b9dface218ccc6 .av-image-caption-overlay-center{\ncolor:#ffffff;\n}\n<\/style>\n<div  class='avia-image-container av-2r7rx-87a07cd6b2a0cbde94b9dface218ccc6 av-styling- avia-align-center  avia-builder-el-7  el_after_av_heading  avia-builder-el-last '   itemprop=\"image\" itemscope=\"itemscope\" itemtype=\"https:\/\/schema.org\/ImageObject\" ><div class=\"avia-image-container-inner\"><div class=\"avia-image-overlay-wrap\"><img decoding=\"async\" fetchpriority=\"high\" class='wp-image-54 avia-img-lazy-loading-not-54 avia_image ' src=\"https:\/\/aquecedoreskbs.com.br\/wp-content\/uploads\/2023\/12\/aquecedors-de-piscinas--300x300.png\" alt='' title='aquecedors de piscinas'  height=\"300\" width=\"300\"  itemprop=\"thumbnailUrl\" srcset=\"https:\/\/aquecedoreskbs.com.br\/wp-content\/uploads\/2023\/12\/aquecedors-de-piscinas--300x300.png 300w, https:\/\/aquecedoreskbs.com.br\/wp-content\/uploads\/2023\/12\/aquecedors-de-piscinas--80x80.png 80w, https:\/\/aquecedoreskbs.com.br\/wp-content\/uploads\/2023\/12\/aquecedors-de-piscinas--768x768.png 768w, https:\/\/aquecedoreskbs.com.br\/wp-content\/uploads\/2023\/12\/aquecedors-de-piscinas--36x36.png 36w, https:\/\/aquecedoreskbs.com.br\/wp-content\/uploads\/2023\/12\/aquecedors-de-piscinas--180x180.png 180w, https:\/\/aquecedoreskbs.com.br\/wp-content\/uploads\/2023\/12\/aquecedors-de-piscinas--705x705.png 705w, https:\/\/aquecedoreskbs.com.br\/wp-content\/uploads\/2023\/12\/aquecedors-de-piscinas-.png 800w\" sizes=\"(max-width: 300px) 100vw, 300px\" \/><\/div><\/div><\/div><\/p><\/div>\n<div  class='flex_column av-3pkfd-831eba27c1aeee1737cd3374d9e790cb av_one_third  avia-builder-el-8  el_after_av_one_third  el_before_av_one_third  flex_column_div  column-top-margin'     ><p>\n<style type=\"text\/css\" data-created_by=\"avia_inline_auto\" id=\"style-css-av-59t71-d3fe1b21df7c8e5274aed9ae6a81df8b\">\n#top .av-special-heading.av-59t71-d3fe1b21df7c8e5274aed9ae6a81df8b{\npadding-bottom:10px;\n}\nbody .av-special-heading.av-59t71-d3fe1b21df7c8e5274aed9ae6a81df8b .av-special-heading-tag .heading-char{\nfont-size:25px;\n}\n.av-special-heading.av-59t71-d3fe1b21df7c8e5274aed9ae6a81df8b .av-subheading{\nfont-size:15px;\n}\n<\/style>\n<div  class='av-special-heading av-59t71-d3fe1b21df7c8e5274aed9ae6a81df8b av-special-heading-h3 blockquote elegant-quote elegant-centered  avia-builder-el-9  el_before_av_image  avia-builder-el-first '><h3 class='av-special-heading-tag'  itemprop=\"headline\"  ><span class=\"heading-wrap\">Aquecedores de banho<\/span><\/h3><div class=\"special-heading-border\"><div class=\"special-heading-inner-border\"><\/div><\/div><\/div><br \/>\n\n<style type=\"text\/css\" data-created_by=\"avia_inline_auto\" id=\"style-css-av-4puah-81dbb9b92f32a9b103cf053d5de3663c\">\n.avia-image-container.av-4puah-81dbb9b92f32a9b103cf053d5de3663c img.avia_image{\nbox-shadow:none;\n}\n.avia-image-container.av-4puah-81dbb9b92f32a9b103cf053d5de3663c .av-image-caption-overlay-center{\ncolor:#ffffff;\n}\n<\/style>\n<div  class='avia-image-container av-4puah-81dbb9b92f32a9b103cf053d5de3663c av-styling- avia-align-center  avia-builder-el-10  el_after_av_heading  avia-builder-el-last '   itemprop=\"image\" itemscope=\"itemscope\" itemtype=\"https:\/\/schema.org\/ImageObject\" ><div class=\"avia-image-container-inner\"><div class=\"avia-image-overlay-wrap\"><img decoding=\"async\" fetchpriority=\"high\" class='wp-image-56 avia-img-lazy-loading-not-56 avia_image ' src=\"https:\/\/aquecedoreskbs.com.br\/wp-content\/uploads\/2023\/12\/aquecedores-de-banho-300x300.png\" alt='' title='aquecedores de banho'  height=\"300\" width=\"300\"  itemprop=\"thumbnailUrl\" srcset=\"https:\/\/aquecedoreskbs.com.br\/wp-content\/uploads\/2023\/12\/aquecedores-de-banho-300x300.png 300w, https:\/\/aquecedoreskbs.com.br\/wp-content\/uploads\/2023\/12\/aquecedores-de-banho-80x80.png 80w, https:\/\/aquecedoreskbs.com.br\/wp-content\/uploads\/2023\/12\/aquecedores-de-banho-768x768.png 768w, https:\/\/aquecedoreskbs.com.br\/wp-content\/uploads\/2023\/12\/aquecedores-de-banho-36x36.png 36w, https:\/\/aquecedoreskbs.com.br\/wp-content\/uploads\/2023\/12\/aquecedores-de-banho-180x180.png 180w, https:\/\/aquecedoreskbs.com.br\/wp-content\/uploads\/2023\/12\/aquecedores-de-banho-705x705.png 705w, https:\/\/aquecedoreskbs.com.br\/wp-content\/uploads\/2023\/12\/aquecedores-de-banho.png 800w\" sizes=\"(max-width: 300px) 100vw, 300px\" \/><\/div><\/div><\/div><\/p><\/div>\n<div  class='flex_column av-2bgvl-dc41dd423833e2a2e4f0ed57c32c6903 av_one_third  avia-builder-el-11  el_after_av_one_third  el_before_av_one_full  flex_column_div  column-top-margin'     ><p>\n<style type=\"text\/css\" data-created_by=\"avia_inline_auto\" id=\"style-css-av-4ift-0cdba104b84f8699289734d19fbbf92c\">\n#top .av-special-heading.av-4ift-0cdba104b84f8699289734d19fbbf92c{\npadding-bottom:10px;\n}\nbody .av-special-heading.av-4ift-0cdba104b84f8699289734d19fbbf92c .av-special-heading-tag .heading-char{\nfont-size:25px;\n}\n.av-special-heading.av-4ift-0cdba104b84f8699289734d19fbbf92c .av-subheading{\nfont-size:15px;\n}\n<\/style>\n<div  class='av-special-heading av-4ift-0cdba104b84f8699289734d19fbbf92c av-special-heading-h3 blockquote elegant-quote elegant-centered  avia-builder-el-12  el_before_av_image  avia-builder-el-first '><h3 class='av-special-heading-tag'  itemprop=\"headline\"  ><span class=\"heading-wrap\">Saunas e geradores de vapor <\/span><\/h3><div class=\"special-heading-border\"><div class=\"special-heading-inner-border\"><\/div><\/div><\/div><br \/>\n\n<style type=\"text\/css\" data-created_by=\"avia_inline_auto\" id=\"style-css-av-ogkl-74de46178e3e5e83bb2d2b4906452a6e\">\n.avia-image-container.av-ogkl-74de46178e3e5e83bb2d2b4906452a6e img.avia_image{\nbox-shadow:none;\n}\n.avia-image-container.av-ogkl-74de46178e3e5e83bb2d2b4906452a6e .av-image-caption-overlay-center{\ncolor:#ffffff;\n}\n<\/style>\n<div  class='avia-image-container av-ogkl-74de46178e3e5e83bb2d2b4906452a6e av-styling- avia-align-center  avia-builder-el-13  el_after_av_heading  avia-builder-el-last '   itemprop=\"image\" itemscope=\"itemscope\" itemtype=\"https:\/\/schema.org\/ImageObject\" ><div class=\"avia-image-container-inner\"><div class=\"avia-image-overlay-wrap\"><img decoding=\"async\" fetchpriority=\"high\" class='wp-image-58 avia-img-lazy-loading-not-58 avia_image ' src=\"https:\/\/aquecedoreskbs.com.br\/wp-content\/uploads\/2023\/12\/saunas-300x300.png\" alt='' title='saunas'  height=\"300\" width=\"300\"  itemprop=\"thumbnailUrl\" srcset=\"https:\/\/aquecedoreskbs.com.br\/wp-content\/uploads\/2023\/12\/saunas-300x300.png 300w, https:\/\/aquecedoreskbs.com.br\/wp-content\/uploads\/2023\/12\/saunas-80x80.png 80w, https:\/\/aquecedoreskbs.com.br\/wp-content\/uploads\/2023\/12\/saunas-768x768.png 768w, https:\/\/aquecedoreskbs.com.br\/wp-content\/uploads\/2023\/12\/saunas-36x36.png 36w, https:\/\/aquecedoreskbs.com.br\/wp-content\/uploads\/2023\/12\/saunas-180x180.png 180w, https:\/\/aquecedoreskbs.com.br\/wp-content\/uploads\/2023\/12\/saunas-705x705.png 705w, https:\/\/aquecedoreskbs.com.br\/wp-content\/uploads\/2023\/12\/saunas.png 800w\" sizes=\"(max-width: 300px) 100vw, 300px\" \/><\/div><\/div><\/div><\/p><\/div>\n<div  class='flex_column av-av_one_full-048119fdb636ea3d70edc0b975509c6c av_one_full  avia-builder-el-14  el_after_av_one_third  avia-builder-el-last  first flex_column_div  column-top-margin'     ><\/div>\n","protected":false},"excerpt":{"rendered":"","protected":false},"author":1,"featured_media":0,"parent":0,"menu_order":0,"comment_status":"closed","ping_status":"closed","template":"","meta":{"footnotes":""},"class_list":["post-21","page","type-page","status-publish","hentry"],"_links":{"self":[{"href":"https:\/\/aquecedoreskbs.com.br\/index.php?rest_route=\/wp\/v2\/pages\/21","targetHints":{"allow":["GET"]}}],"collection":[{"href":"https:\/\/aquecedoreskbs.com.br\/index.php?rest_route=\/wp\/v2\/pages"}],"about":[{"href":"https:\/\/aquecedoreskbs.com.br\/index.php?rest_route=\/wp\/v2\/types\/page"}],"author":[{"embeddable":true,"href":"https:\/\/aquecedoreskbs.com.br\/index.php?rest_route=\/wp\/v2\/users\/1"}],"replies":[{"embeddable":true,"href":"https:\/\/aquecedoreskbs.com.br\/index.php?rest_route=%2Fwp%2Fv2%2Fcomments&post=21"}],"version-history":[{"count":44,"href":"https:\/\/aquecedoreskbs.com.br\/index.php?rest_route=\/wp\/v2\/pages\/21\/revisions"}],"predecessor-version":[{"id":133,"href":"https:\/\/aquecedoreskbs.com.br\/index.php?rest_route=\/wp\/v2\/pages\/21\/revisions\/133"}],"wp:attachment":[{"href":"https:\/\/aquecedoreskbs.com.br\/index.php?rest_route=%2Fwp%2Fv2%2Fmedia&parent=21"}],"curies":[{"name":"wp","href":"https:\/\/api.w.org\/{rel}","templated":true}]}}